{"id":6601,"date":"2025-11-10T17:51:04","date_gmt":"2025-11-10T16:51:04","guid":{"rendered":"https:\/\/cellierdu9emeart.com\/?post_type=product&#038;p=6601"},"modified":"2025-11-10T17:51:05","modified_gmt":"2025-11-10T16:51:05","slug":"mas-amiel-natural-blanc-2024","status":"publish","type":"product","link":"https:\/\/cellierdu9emeart.com\/en\/product\/mas-amiel-natural-blanc-2024\/","title":{"rendered":"Mas Amiel Natural Blanc 2024"},"content":{"rendered":"","protected":false},"excerpt":{"rendered":"<p><span data-sheets-root=\"1\">C\u00e9pages blancs m\u00eal\u00e9s<\/span><\/p>","protected":false},"featured_media":6654,"template":"","meta":{"_et_pb_use_builder":"","_et_pb_old_content":"","_et_gb_content_width":""},"product_brand":[278,246],"product_cat":[34],"product_tag":[310],"class_list":{"0":"post-6601","1":"product","2":"type-product","3":"status-publish","4":"has-post-thumbnail","6":"product_brand-france-roussillon","7":"product_brand-mas-amiel","8":"product_cat-vin-blanc","9":"product_tag-cotes-catalanes","11":"first","12":"instock","13":"shipping-taxable","14":"purchasable","15":"product-type-simple"},"_links":{"self":[{"href":"https:\/\/cellierdu9emeart.com\/en\/wp-json\/wp\/v2\/product\/6601","targetHints":{"allow":["GET"]}}],"collection":[{"href":"https:\/\/cellierdu9emeart.com\/en\/wp-json\/wp\/v2\/product"}],"about":[{"href":"https:\/\/cellierdu9emeart.com\/en\/wp-json\/wp\/v2\/types\/product"}],"wp:featuredmedia":[{"embeddable":true,"href":"https:\/\/cellierdu9emeart.com\/en\/wp-json\/wp\/v2\/media\/6654"}],"wp:attachment":[{"href":"https:\/\/cellierdu9emeart.com\/en\/wp-json\/wp\/v2\/media?parent=6601"}],"wp:term":[{"taxonomy":"product_brand","embeddable":true,"href":"https:\/\/cellierdu9emeart.com\/en\/wp-json\/wp\/v2\/product_brand?post=6601"},{"taxonomy":"product_cat","embeddable":true,"href":"https:\/\/cellierdu9emeart.com\/en\/wp-json\/wp\/v2\/product_cat?post=6601"},{"taxonomy":"product_tag","embeddable":true,"href":"https:\/\/cellierdu9emeart.com\/en\/wp-json\/wp\/v2\/product_tag?post=6601"}],"curies":[{"name":"wp","href":"https:\/\/api.w.org\/{rel}","templated":true}]}}