{"id":6566,"date":"2025-11-13T22:11:39","date_gmt":"2025-11-13T21:11:39","guid":{"rendered":"https:\/\/cellierdu9emeart.com\/?post_type=product&#038;p=6566"},"modified":"2025-11-13T22:11:40","modified_gmt":"2025-11-13T21:11:40","slug":"mas-des-chimeres-rose-2024","status":"publish","type":"product","link":"https:\/\/cellierdu9emeart.com\/en\/product\/mas-des-chimeres-rose-2024\/","title":{"rendered":"Mas des Chim\u00e8res Ros\u00e9 2024"},"content":{"rendered":"","protected":false},"excerpt":{"rendered":"<p><span data-sheets-root=\"1\">Merlot &amp; Terret gris en press\u00e9e, Cinsault &amp; Mourv\u00e8dre en saign\u00e9e<\/span><\/p>","protected":false},"featured_media":6683,"template":"","meta":{"_et_pb_use_builder":"","_et_pb_old_content":"","_et_gb_content_width":""},"product_brand":[264,248],"product_cat":[35],"product_tag":[330],"class_list":{"0":"post-6566","1":"product","2":"type-product","3":"status-publish","4":"has-post-thumbnail","6":"product_brand-france-languedoc","7":"product_brand-mas-des-chimeres","8":"product_cat-vin-rose","9":"product_tag-coteaux-du-salagou","11":"first","12":"instock","13":"shipping-taxable","14":"purchasable","15":"product-type-simple"},"_links":{"self":[{"href":"https:\/\/cellierdu9emeart.com\/en\/wp-json\/wp\/v2\/product\/6566","targetHints":{"allow":["GET"]}}],"collection":[{"href":"https:\/\/cellierdu9emeart.com\/en\/wp-json\/wp\/v2\/product"}],"about":[{"href":"https:\/\/cellierdu9emeart.com\/en\/wp-json\/wp\/v2\/types\/product"}],"wp:featuredmedia":[{"embeddable":true,"href":"https:\/\/cellierdu9emeart.com\/en\/wp-json\/wp\/v2\/media\/6683"}],"wp:attachment":[{"href":"https:\/\/cellierdu9emeart.com\/en\/wp-json\/wp\/v2\/media?parent=6566"}],"wp:term":[{"taxonomy":"product_brand","embeddable":true,"href":"https:\/\/cellierdu9emeart.com\/en\/wp-json\/wp\/v2\/product_brand?post=6566"},{"taxonomy":"product_cat","embeddable":true,"href":"https:\/\/cellierdu9emeart.com\/en\/wp-json\/wp\/v2\/product_cat?post=6566"},{"taxonomy":"product_tag","embeddable":true,"href":"https:\/\/cellierdu9emeart.com\/en\/wp-json\/wp\/v2\/product_tag?post=6566"}],"curies":[{"name":"wp","href":"https:\/\/api.w.org\/{rel}","templated":true}]}}