{"id":6520,"date":"2025-11-13T23:22:37","date_gmt":"2025-11-13T22:22:37","guid":{"rendered":"https:\/\/cellierdu9emeart.com\/?post_type=product&#038;p=6520"},"modified":"2025-11-13T23:22:38","modified_gmt":"2025-11-13T22:22:38","slug":"frederic-mabileau-les-rouilleres-2023","status":"publish","type":"product","link":"https:\/\/cellierdu9emeart.com\/en\/product\/frederic-mabileau-les-rouilleres-2023\/","title":{"rendered":"Fr\u00e9d\u00e9ric Mabileau &#8211; Les Rouill\u00e8res 2023"},"content":{"rendered":"","protected":false},"excerpt":{"rendered":"<p>100% Cabernet franc<\/p>","protected":false},"featured_media":6704,"template":"","meta":{"_et_pb_use_builder":"","_et_pb_old_content":"","_et_gb_content_width":""},"product_brand":[263,241],"product_cat":[33],"product_tag":[289],"class_list":{"0":"post-6520","1":"product","2":"type-product","3":"status-publish","4":"has-post-thumbnail","6":"product_brand-france-loire","7":"product_brand-frederic-mabileau","8":"product_cat-vin-rouge","9":"product_tag-saint-nicolas-de-bourgueil","11":"first","12":"instock","13":"shipping-taxable","14":"purchasable","15":"product-type-simple"},"_links":{"self":[{"href":"https:\/\/cellierdu9emeart.com\/en\/wp-json\/wp\/v2\/product\/6520","targetHints":{"allow":["GET"]}}],"collection":[{"href":"https:\/\/cellierdu9emeart.com\/en\/wp-json\/wp\/v2\/product"}],"about":[{"href":"https:\/\/cellierdu9emeart.com\/en\/wp-json\/wp\/v2\/types\/product"}],"wp:featuredmedia":[{"embeddable":true,"href":"https:\/\/cellierdu9emeart.com\/en\/wp-json\/wp\/v2\/media\/6704"}],"wp:attachment":[{"href":"https:\/\/cellierdu9emeart.com\/en\/wp-json\/wp\/v2\/media?parent=6520"}],"wp:term":[{"taxonomy":"product_brand","embeddable":true,"href":"https:\/\/cellierdu9emeart.com\/en\/wp-json\/wp\/v2\/product_brand?post=6520"},{"taxonomy":"product_cat","embeddable":true,"href":"https:\/\/cellierdu9emeart.com\/en\/wp-json\/wp\/v2\/product_cat?post=6520"},{"taxonomy":"product_tag","embeddable":true,"href":"https:\/\/cellierdu9emeart.com\/en\/wp-json\/wp\/v2\/product_tag?post=6520"}],"curies":[{"name":"wp","href":"https:\/\/api.w.org\/{rel}","templated":true}]}}