{"id":6517,"date":"2025-11-13T23:25:04","date_gmt":"2025-11-13T22:25:04","guid":{"rendered":"https:\/\/cellierdu9emeart.com\/?post_type=product&#038;p=6517"},"modified":"2025-11-15T16:08:00","modified_gmt":"2025-11-15T15:08:00","slug":"frederic-mabileau-chenin-des-rouilleres-2023","status":"publish","type":"product","link":"https:\/\/cellierdu9emeart.com\/en\/product\/frederic-mabileau-chenin-des-rouilleres-2023\/","title":{"rendered":"Fr\u00e9d\u00e9ric Mabileau &#8211; Chenin des Rouill\u00e8res 2023"},"content":{"rendered":"","protected":false},"excerpt":{"rendered":"<p>100% Chenin<\/p>","protected":false},"featured_media":6706,"template":"","meta":{"_et_pb_use_builder":"","_et_pb_old_content":"","_et_gb_content_width":""},"product_brand":[263,241],"product_cat":[34],"product_tag":[321],"class_list":{"0":"post-6517","1":"product","2":"type-product","3":"status-publish","4":"has-post-thumbnail","6":"product_brand-france-loire","7":"product_brand-frederic-mabileau","8":"product_cat-vin-blanc","9":"product_tag-anjou","11":"first","12":"instock","13":"shipping-taxable","14":"purchasable","15":"product-type-simple"},"_links":{"self":[{"href":"https:\/\/cellierdu9emeart.com\/en\/wp-json\/wp\/v2\/product\/6517","targetHints":{"allow":["GET"]}}],"collection":[{"href":"https:\/\/cellierdu9emeart.com\/en\/wp-json\/wp\/v2\/product"}],"about":[{"href":"https:\/\/cellierdu9emeart.com\/en\/wp-json\/wp\/v2\/types\/product"}],"wp:featuredmedia":[{"embeddable":true,"href":"https:\/\/cellierdu9emeart.com\/en\/wp-json\/wp\/v2\/media\/6706"}],"wp:attachment":[{"href":"https:\/\/cellierdu9emeart.com\/en\/wp-json\/wp\/v2\/media?parent=6517"}],"wp:term":[{"taxonomy":"product_brand","embeddable":true,"href":"https:\/\/cellierdu9emeart.com\/en\/wp-json\/wp\/v2\/product_brand?post=6517"},{"taxonomy":"product_cat","embeddable":true,"href":"https:\/\/cellierdu9emeart.com\/en\/wp-json\/wp\/v2\/product_cat?post=6517"},{"taxonomy":"product_tag","embeddable":true,"href":"https:\/\/cellierdu9emeart.com\/en\/wp-json\/wp\/v2\/product_tag?post=6517"}],"curies":[{"name":"wp","href":"https:\/\/api.w.org\/{rel}","templated":true}]}}