{"id":6496,"date":"2025-11-14T15:12:31","date_gmt":"2025-11-14T14:12:31","guid":{"rendered":"https:\/\/cellierdu9emeart.com\/?post_type=product&#038;p=6496"},"modified":"2025-11-14T15:12:32","modified_gmt":"2025-11-14T14:12:32","slug":"domaine-haute-fevrie-chateau-thebaud-2020","status":"publish","type":"product","link":"https:\/\/cellierdu9emeart.com\/en\/product\/domaine-haute-fevrie-chateau-thebaud-2020\/","title":{"rendered":"Domaine Haute F\u00e9vrie &#8211; Ch\u00e2teau Th\u00e9baud 2020"},"content":{"rendered":"","protected":false},"excerpt":{"rendered":"<p>100% Melon de Bourgogne<\/p>","protected":false},"featured_media":6810,"template":"","meta":{"_et_pb_use_builder":"","_et_pb_old_content":"","_et_gb_content_width":""},"product_brand":[263,231],"product_cat":[34],"product_tag":[259],"class_list":{"0":"post-6496","1":"product","2":"type-product","3":"status-publish","4":"has-post-thumbnail","6":"product_brand-france-loire","7":"product_brand-domaine-haute-fevrie","8":"product_cat-vin-blanc","9":"product_tag-muscadet-sevre-et-maine","11":"first","12":"instock","13":"shipping-taxable","14":"purchasable","15":"product-type-simple"},"_links":{"self":[{"href":"https:\/\/cellierdu9emeart.com\/en\/wp-json\/wp\/v2\/product\/6496","targetHints":{"allow":["GET"]}}],"collection":[{"href":"https:\/\/cellierdu9emeart.com\/en\/wp-json\/wp\/v2\/product"}],"about":[{"href":"https:\/\/cellierdu9emeart.com\/en\/wp-json\/wp\/v2\/types\/product"}],"wp:featuredmedia":[{"embeddable":true,"href":"https:\/\/cellierdu9emeart.com\/en\/wp-json\/wp\/v2\/media\/6810"}],"wp:attachment":[{"href":"https:\/\/cellierdu9emeart.com\/en\/wp-json\/wp\/v2\/media?parent=6496"}],"wp:term":[{"taxonomy":"product_brand","embeddable":true,"href":"https:\/\/cellierdu9emeart.com\/en\/wp-json\/wp\/v2\/product_brand?post=6496"},{"taxonomy":"product_cat","embeddable":true,"href":"https:\/\/cellierdu9emeart.com\/en\/wp-json\/wp\/v2\/product_cat?post=6496"},{"taxonomy":"product_tag","embeddable":true,"href":"https:\/\/cellierdu9emeart.com\/en\/wp-json\/wp\/v2\/product_tag?post=6496"}],"curies":[{"name":"wp","href":"https:\/\/api.w.org\/{rel}","templated":true}]}}