{"id":6475,"date":"2025-11-14T12:11:35","date_gmt":"2025-11-14T11:11:35","guid":{"rendered":"https:\/\/cellierdu9emeart.com\/?post_type=product&#038;p=6475"},"modified":"2025-11-14T12:11:36","modified_gmt":"2025-11-14T11:11:36","slug":"domaine-de-marcoux-cotes-du-rhone-2023","status":"publish","type":"product","link":"https:\/\/cellierdu9emeart.com\/en\/product\/domaine-de-marcoux-cotes-du-rhone-2023\/","title":{"rendered":"Domaine de Marcoux &#8211; C\u00f4tes du Rh\u00f4ne 2023"},"content":{"rendered":"","protected":false},"excerpt":{"rendered":"<p>Grenache, Mourv\u00e8dre, Syrah<\/p>","protected":false},"featured_media":6752,"template":"","meta":{"_et_pb_use_builder":"","_et_pb_old_content":"","_et_gb_content_width":""},"product_brand":[284,311],"product_cat":[33],"product_tag":[313],"class_list":{"0":"post-6475","1":"product","2":"type-product","3":"status-publish","4":"has-post-thumbnail","6":"product_brand-france-rhone","7":"product_brand-domaine-de-marcoux","8":"product_cat-vin-rouge","9":"product_tag-cotes-du-rhone","11":"first","12":"instock","13":"shipping-taxable","14":"purchasable","15":"product-type-simple"},"_links":{"self":[{"href":"https:\/\/cellierdu9emeart.com\/en\/wp-json\/wp\/v2\/product\/6475","targetHints":{"allow":["GET"]}}],"collection":[{"href":"https:\/\/cellierdu9emeart.com\/en\/wp-json\/wp\/v2\/product"}],"about":[{"href":"https:\/\/cellierdu9emeart.com\/en\/wp-json\/wp\/v2\/types\/product"}],"wp:featuredmedia":[{"embeddable":true,"href":"https:\/\/cellierdu9emeart.com\/en\/wp-json\/wp\/v2\/media\/6752"}],"wp:attachment":[{"href":"https:\/\/cellierdu9emeart.com\/en\/wp-json\/wp\/v2\/media?parent=6475"}],"wp:term":[{"taxonomy":"product_brand","embeddable":true,"href":"https:\/\/cellierdu9emeart.com\/en\/wp-json\/wp\/v2\/product_brand?post=6475"},{"taxonomy":"product_cat","embeddable":true,"href":"https:\/\/cellierdu9emeart.com\/en\/wp-json\/wp\/v2\/product_cat?post=6475"},{"taxonomy":"product_tag","embeddable":true,"href":"https:\/\/cellierdu9emeart.com\/en\/wp-json\/wp\/v2\/product_tag?post=6475"}],"curies":[{"name":"wp","href":"https:\/\/api.w.org\/{rel}","templated":true}]}}