{"id":6385,"date":"2025-11-15T13:23:08","date_gmt":"2025-11-15T12:23:08","guid":{"rendered":"https:\/\/cellierdu9emeart.com\/?post_type=product&#038;p=6385"},"modified":"2025-11-15T13:23:09","modified_gmt":"2025-11-15T12:23:09","slug":"domaine-de-la-pepiere-la-pepie-cabernet-franc-2023","status":"publish","type":"product","link":"https:\/\/cellierdu9emeart.com\/en\/product\/domaine-de-la-pepiere-la-pepie-cabernet-franc-2023\/","title":{"rendered":"Domaine de la P\u00e9pi\u00e8re &#8211; La P\u00e9pie Cabernet Franc 2023"},"content":{"rendered":"","protected":false},"excerpt":{"rendered":"<p>Cabernet franc 100%<\/p>","protected":false},"featured_media":6849,"template":"","meta":{"_et_pb_use_builder":"","_et_pb_old_content":"","_et_gb_content_width":""},"product_brand":[227,263],"product_cat":[33],"product_tag":[294],"class_list":{"0":"post-6385","1":"product","2":"type-product","3":"status-publish","4":"has-post-thumbnail","6":"product_brand-domaine-de-la-pepiere","7":"product_brand-france-loire","8":"product_cat-vin-rouge","9":"product_tag-vin-de-pays-du-val-de-loire","11":"first","12":"instock","13":"shipping-taxable","14":"purchasable","15":"product-type-simple"},"_links":{"self":[{"href":"https:\/\/cellierdu9emeart.com\/en\/wp-json\/wp\/v2\/product\/6385","targetHints":{"allow":["GET"]}}],"collection":[{"href":"https:\/\/cellierdu9emeart.com\/en\/wp-json\/wp\/v2\/product"}],"about":[{"href":"https:\/\/cellierdu9emeart.com\/en\/wp-json\/wp\/v2\/types\/product"}],"wp:featuredmedia":[{"embeddable":true,"href":"https:\/\/cellierdu9emeart.com\/en\/wp-json\/wp\/v2\/media\/6849"}],"wp:attachment":[{"href":"https:\/\/cellierdu9emeart.com\/en\/wp-json\/wp\/v2\/media?parent=6385"}],"wp:term":[{"taxonomy":"product_brand","embeddable":true,"href":"https:\/\/cellierdu9emeart.com\/en\/wp-json\/wp\/v2\/product_brand?post=6385"},{"taxonomy":"product_cat","embeddable":true,"href":"https:\/\/cellierdu9emeart.com\/en\/wp-json\/wp\/v2\/product_cat?post=6385"},{"taxonomy":"product_tag","embeddable":true,"href":"https:\/\/cellierdu9emeart.com\/en\/wp-json\/wp\/v2\/product_tag?post=6385"}],"curies":[{"name":"wp","href":"https:\/\/api.w.org\/{rel}","templated":true}]}}