{"id":955,"date":"2022-05-17T11:51:06","date_gmt":"2022-05-17T09:51:06","guid":{"rendered":"https:\/\/cellierdu9emeart.com\/?page_id=955"},"modified":"2025-05-03T16:33:39","modified_gmt":"2025-05-03T14:33:39","slug":"mentions-legales","status":"publish","type":"page","link":"https:\/\/cellierdu9emeart.com\/en\/mentions-legales\/","title":{"rendered":"Legal notice"},"content":{"rendered":"<p>This site is managed by KLeopold SRL, <\/p>\n\n\n\n<p>VAT: 0656.474.422<\/p>\n\n\n\n<p>Cellier du 9\u00e8me Art, 22 Moulin Street, 7800 Ath, Belgium.<\/p>\n\n\n\n<p>Tel: +32 488 22 55 01<\/p>\n\n\n\n<p>This site is hosted by Infomaniak Network SA. <\/p>\n\n\n\n<p>Rue Eug\u00e8ne-Marziano 25, 1227 Geneva \u2013 Switzerland. <\/p>\n\n\n\n<p>N\u00b0 IDE &amp; TVA : CHE-103.167.648<\/p>","protected":false},"excerpt":{"rendered":"<p>Ce site est ger\u00e9 par KLeopold SRL, TVA: 0656.474.422 Cellier du 9\u00e8me Art, 22 Rue du Moulin, 7800 Ath, Belgique. Tel: +32 488 22 55 01 Ce site est h\u00e9berg\u00e9 par Infomaniak Network SA. Rue Eug\u00e8ne-Marziano 25, 1227 Gen\u00e8ve \u2013 Suisse. N\u00b0 IDE &amp; TVA : CHE-103.167.648<\/p>","protected":false},"author":1,"featured_media":0,"parent":0,"menu_order":0,"comment_status":"closed","ping_status":"closed","template":"","meta":{"_et_pb_use_builder":"off","_et_pb_old_content":"<!-- wp:paragraph -->\n<p>Ce site est ger\u00e9 par KLeopold SRL, <\/p>\n<!-- \/wp:paragraph -->\n\n<!-- wp:paragraph -->\n<p>TVA: 0656.474.422<\/p>\n<!-- \/wp:paragraph -->\n\n<!-- wp:paragraph -->\n<p>Cellier du 9\u00e8me Art, 22 Rue du Moulin, 7800 Ath, Belgique.<\/p>\n<!-- \/wp:paragraph -->\n\n<!-- wp:paragraph -->\n<p>Tel: 068340811,<\/p>\n<!-- \/wp:paragraph -->\n\n<!-- wp:paragraph -->\n<p>Ce site est h\u00e9berg\u00e9 par Infomaniak Network SA. <\/p>\n<!-- \/wp:paragraph -->\n\n<!-- wp:paragraph -->\n<p>Rue Eug\u00e8ne-Marziano 25, 1227 Gen\u00e8ve \u2013 Suisse. <\/p>\n<!-- \/wp:paragraph -->\n\n<!-- wp:paragraph -->\n<p>N\u00b0 IDE &amp; TVA : CHE-103.167.648<\/p>\n<!-- \/wp:paragraph -->","_et_gb_content_width":"","footnotes":""},"class_list":["post-955","page","type-page","status-publish","hentry"],"_links":{"self":[{"href":"https:\/\/cellierdu9emeart.com\/en\/wp-json\/wp\/v2\/pages\/955","targetHints":{"allow":["GET"]}}],"collection":[{"href":"https:\/\/cellierdu9emeart.com\/en\/wp-json\/wp\/v2\/pages"}],"about":[{"href":"https:\/\/cellierdu9emeart.com\/en\/wp-json\/wp\/v2\/types\/page"}],"author":[{"embeddable":true,"href":"https:\/\/cellierdu9emeart.com\/en\/wp-json\/wp\/v2\/users\/1"}],"replies":[{"embeddable":true,"href":"https:\/\/cellierdu9emeart.com\/en\/wp-json\/wp\/v2\/comments?post=955"}],"version-history":[{"count":4,"href":"https:\/\/cellierdu9emeart.com\/en\/wp-json\/wp\/v2\/pages\/955\/revisions"}],"predecessor-version":[{"id":5833,"href":"https:\/\/cellierdu9emeart.com\/en\/wp-json\/wp\/v2\/pages\/955\/revisions\/5833"}],"wp:attachment":[{"href":"https:\/\/cellierdu9emeart.com\/en\/wp-json\/wp\/v2\/media?parent=955"}],"curies":[{"name":"wp","href":"https:\/\/api.w.org\/{rel}","templated":true}]}}