{"id":473,"date":"2022-04-30T14:46:51","date_gmt":"2022-04-30T12:46:51","guid":{"rendered":"https:\/\/cellierdu9emeart.com\/?page_id=473"},"modified":"2022-10-26T13:25:51","modified_gmt":"2022-10-26T11:25:51","slug":"cookie-policy","status":"publish","type":"page","link":"https:\/\/cellierdu9emeart.com\/en\/cookie-policy\/","title":{"rendered":"Cookie Policy"},"content":{"rendered":"<div class=\"cli_pg_page_contaner\">\n<h3>About this cookie policy<\/h3>\n<div>This cookie policy explains what cookies are and how we use them, the types of cookies we use, i.e. the information we collect using cookies and how that information is used , and how to control cookie preferences. For more information on how we use, store and protect your personal data, see our Privacy Policy.<\/div>\n<div>You can change or withdraw your consent to the cookie statement on our website at any time.<br \/>\nLearn more about who we are, how you can contact us and how we process personal data in our privacy policy.<br \/>\nYour consent applies to the following domains: cellierdu9emeart.com<\/div>\n<h3>What are cookies ?<\/h3>\n<div>Cookies are small text files used to store small information. They are stored on your device when the website is loaded on your browser. These cookies help us to make the website work properly, to make it more secure, to provide a better user experience and to understand how the website is performing and to analyze what is working and where it needs improvement.<\/div>\n<h3>How do we use cookies?<\/h3>\n<div>Like most online services, our website uses first-party and third-party cookies for several purposes. First party cookies are primarily necessary for the proper functioning of the website and do not collect any of your personally identifiable data.<\/div>\n<div><\/div>\n<div>The third-party cookies used on our website are mainly used to understand how the website works, how you interact with our website, to ensure the security of our services, to provide advertisements that are relevant to you and, in general, to provide you with a better and improved user. experience and help expedite your future interactions with our website.<\/div>\n<h3>What types of cookies do we use?<\/h3>\n<div>Essential: Some cookies are essential for you to experience the full functionality of our site. They allow us to maintain user sessions and prevent any security threats. They do not collect or store any personal information. For example, these cookies allow you to log in to your account and add products to your basket, and to pay securely.<\/div>\n<div><\/div>\n<div><span style=\"font-size: revert;\">Statistiques&nbsp;: ces cookies stockent des informations telles que le nombre de visiteurs sur le site Web, le nombre de visiteurs uniques, les pages du site Web qui ont \u00e9t\u00e9 visit\u00e9es, la source de la visite, etc. Ces donn\u00e9es nous aident \u00e0 comprendre et \u00e0 analyser les performances du site Web. et o\u00f9 il doit \u00eatre am\u00e9lior\u00e9.<\/span><\/div>\n<div><\/div>\n<div><span style=\"font-size: revert;\">Marketing: Our website displays advertisements. These cookies are used to personalize the advertisements we show to you so that they are meaningful to you. These cookies also help us track the effectiveness of these advertising campaigns.<\/span><\/div>\n<div><span style=\"font-size: revert;\">The information stored in these cookies may also be used by third-party advertising providers to also show you advertisements on other websites on the browser.<\/span><\/div>\n<div><\/div>\n<div><span style=\"font-size: revert;\">Functional: These are cookies that help certain non-essential functionality on our website. These features include embedding content like videos or sharing website content on social media platforms.<\/span><\/div>\n<div><\/div>\n<div><span style=\"font-size: revert;\">Pr\u00e9f\u00e9rences&nbsp;: ces cookies nous aident \u00e0 stocker vos param\u00e8tres et vos pr\u00e9f\u00e9rences de navigation, comme les pr\u00e9f\u00e9rences linguistiques, afin que vous ayez une exp\u00e9rience meilleure et efficace lors de vos prochaines visites sur le site Web.<\/span><\/div>\n<div><span style=\"font-size: revert;\"><table class=\"cookielawinfo-row-cat-table cookielawinfo-classic\"><thead><tr><th class=\"cookielawinfo-column-1\">Cookie<\/th><th class=\"cookielawinfo-column-4\">Description<\/th><\/tr><\/thead><tbody><tr class=\"cookielawinfo-row\"><td class=\"cookielawinfo-column-1\">cookielawinfo-checkbox-analytics<\/td><td class=\"cookielawinfo-column-4\">This cookie is set by the GDPR Cookie Consent plugin. The cookie is used to store user consent for cookies in the \"Analytics\" category.<\/td><\/tr><tr class=\"cookielawinfo-row\"><td class=\"cookielawinfo-column-1\">cookielawinfo-checkbox-functional<\/td><td class=\"cookielawinfo-column-4\">The cookie is set by GDPR cookie consent to store user consent for cookies in the \"Functional\" category.<\/td><\/tr><tr class=\"cookielawinfo-row\"><td class=\"cookielawinfo-column-1\">cookielawinfo-checkbox-necessary<\/td><td class=\"cookielawinfo-column-4\">This cookie is set by the GDPR Cookie Consent plugin. Cookies are used to store user consent for cookies in the \"Necessary\" category.<\/td><\/tr><tr class=\"cookielawinfo-row\"><td class=\"cookielawinfo-column-1\">cookielawinfo-checkbox-others<\/td><td class=\"cookielawinfo-column-4\">This cookie is set by the GDPR Cookie Consent plugin. The cookie is used to store user consent for cookies in the \"Other.<\/td><\/tr><tr class=\"cookielawinfo-row\"><td class=\"cookielawinfo-column-1\">cookielawinfo-checkbox-performance<\/td><td class=\"cookielawinfo-column-4\">This cookie is set by the GDPR Cookie Consent plugin. The cookie is used to store user consent for cookies in the \"Performance\" category.<\/td><\/tr><tr class=\"cookielawinfo-row\"><td class=\"cookielawinfo-column-1\">viewed_cookie_policy<\/td><td class=\"cookielawinfo-column-4\">The cookie is set by the GDPR Cookie Consent plugin and is used to store whether or not the user has consented to the use of cookies. It does not store any personal data.<\/td><\/tr><\/tbody><\/table><\/span><\/div>\n<h3>How can I control cookie preferences?<\/h3>\n<div>If you decide to change your preferences later during your browsing session, you can click on the \"Privacy and Cookies Policy\" tab on your screen. This will display the consent notice again allowing you to change your preferences or withdraw your consent entirely.<\/div>\n<div><\/div>\n<div><span style=\"font-size: revert;\">In addition to this, different browsers provide different methods for blocking and deleting cookies used by websites. You can change your browser settings to block\/delete cookies. To learn more about managing and deleting cookies, visit wikipedia.org, www.allaboutcookies.org.<\/span><\/div>\n<\/div>","protected":false},"excerpt":{"rendered":"<p>\u00c0 propos de cette politique de cookies Cette politique en mati\u00e8re de cookies explique ce que sont les cookies et comment nous les utilisons, les types de cookies que nous utilisons, c&rsquo;est-\u00e0-dire les informations que nous collectons \u00e0 l&rsquo;aide de cookies et comment ces informations sont utilis\u00e9es, et comment contr\u00f4ler les pr\u00e9f\u00e9rences des cookies. Pour [&hellip;]<\/p>\n","protected":false},"author":1,"featured_media":0,"parent":0,"menu_order":0,"comment_status":"closed","ping_status":"closed","template":"","meta":{"_et_pb_use_builder":"","_et_pb_old_content":"","_et_gb_content_width":"","footnotes":""},"class_list":["post-473","page","type-page","status-publish","hentry"],"_links":{"self":[{"href":"https:\/\/cellierdu9emeart.com\/en\/wp-json\/wp\/v2\/pages\/473","targetHints":{"allow":["GET"]}}],"collection":[{"href":"https:\/\/cellierdu9emeart.com\/en\/wp-json\/wp\/v2\/pages"}],"about":[{"href":"https:\/\/cellierdu9emeart.com\/en\/wp-json\/wp\/v2\/types\/page"}],"author":[{"embeddable":true,"href":"https:\/\/cellierdu9emeart.com\/en\/wp-json\/wp\/v2\/users\/1"}],"replies":[{"embeddable":true,"href":"https:\/\/cellierdu9emeart.com\/en\/wp-json\/wp\/v2\/comments?post=473"}],"version-history":[{"count":12,"href":"https:\/\/cellierdu9emeart.com\/en\/wp-json\/wp\/v2\/pages\/473\/revisions"}],"predecessor-version":[{"id":2323,"href":"https:\/\/cellierdu9emeart.com\/en\/wp-json\/wp\/v2\/pages\/473\/revisions\/2323"}],"wp:attachment":[{"href":"https:\/\/cellierdu9emeart.com\/en\/wp-json\/wp\/v2\/media?parent=473"}],"curies":[{"name":"wp","href":"https:\/\/api.w.org\/{rel}","templated":true}]}}